{"id":3,"date":"2024-08-29T06:27:47","date_gmt":"2024-08-29T06:27:47","guid":{"rendered":"http:\/\/kriyayoganederland.nl\/?page_id=3"},"modified":"2024-09-01T14:35:02","modified_gmt":"2024-09-01T12:35:02","slug":"privacy-policy","status":"publish","type":"page","link":"https:\/\/kriyayoganederland.nl\/de\/privacy-policy\/","title":{"rendered":"Datenschutzbestimmungen"},"content":{"rendered":"<div class=\"wp-block-group alignwide has-accent-2-background-color has-background eplus-wrapper has-global-padding is-layout-constrained wp-container-core-group-is-layout-d89aad35 wp-block-group-is-layout-constrained\" style=\"border-radius:17px;margin-top:0;margin-bottom:0;padding-top:var(--wp--preset--spacing--50);padding-right:var(--wp--preset--spacing--50);padding-bottom:var(--wp--preset--spacing--50);padding-left:var(--wp--preset--spacing--50)\"><div class=\"wp-block-columns alignwide eplus-wrapper is-layout-flex wp-container-core-columns-is-layout-e2c3cc00 wp-block-columns-is-layout-flex eplus-styles-uid-1c090b\">\n<div class=\"wp-block-column is-vertically-aligned-center eplus-wrapper is-layout-flow wp-block-column-is-layout-flow\" style=\"--col-width:50%;flex-basis:50%\">\n<p class=\"has-medium-font-size eplus-wrapper\">Unsere Datenschutzrichtlinie<\/p>\n<\/div>\n\n\n\n<div class=\"wp-block-column is-vertically-aligned-center eplus-wrapper is-layout-flow wp-block-column-is-layout-flow\" style=\"--col-width:50%;flex-basis:50%\">\n<figure class=\"wp-block-image size-full has-custom-border eplus-wrapper\"><img loading=\"lazy\" decoding=\"async\" width=\"4812\" height=\"3208\" src=\"http:\/\/kriyayoganederland.nl\/wp-content\/uploads\/2024\/09\/policy.jpg\" alt=\"\" class=\"wp-image-583\" style=\"border-radius:17px;box-shadow:var(--wp--preset--shadow--natural);aspect-ratio:4\/3;object-fit:cover\"  srcset=\"https:\/\/kriyayoganederland.nl\/wp-content\/uploads\/2024\/09\/policy.jpg 4812w, https:\/\/kriyayoganederland.nl\/wp-content\/uploads\/2024\/09\/policy-18x12.jpg 18w, https:\/\/kriyayoganederland.nl\/wp-content\/uploads\/2024\/09\/policy-1024x683.jpg 1024w\" sizes=\"auto, (max-width: 4812px) 100vw, 4812px\" \/><\/figure>\n<\/div>\n<\/div><\/div>\n\n\n\n<h2 class=\"wp-block-heading has-large-font-size eplus-wrapper\">Datenschutzbestimmungen<\/h2>\n\n\n\n<p class=\"eplus-wrapper\">Bei Kriya Yoga Netherland, erreichbar unter https:\/\/kriyayoganederland.nl, ist eine unserer Hauptpriorit\u00e4ten der Schutz der Privatsph\u00e4re unserer Besucher. Diese Datenschutzrichtlinie enth\u00e4lt die Arten von Informationen, die von Kriya Yoga Niederlande gesammelt und aufgezeichnet werden, und wie wir sie verwenden. Wenn Sie weitere Fragen haben oder mehr Informationen \u00fcber unsere Datenschutzrichtlinien ben\u00f6tigen, z\u00f6gern Sie nicht, uns zu kontaktieren.<\/p>\n\n\n\n<p class=\"eplus-wrapper\">Diese Datenschutzrichtlinie gilt nur f\u00fcr unsere Online-Aktivit\u00e4ten und f\u00fcr die Besucher unserer Website in Bezug auf die Informationen, die sie Kriya Yoga Netherland mitgeteilt und\/oder gesammelt haben. Diese Richtlinie ist nicht anwendbar auf Informationen, die offline oder \u00fcber andere Kan\u00e4le als diese Website gesammelt werden.<\/p>\n\n\n\n<h2 class=\"wp-block-heading has-large-font-size eplus-wrapper\">Zustimmung<\/h2>\n\n\n\n<p class=\"eplus-wrapper\">Durch die Nutzung unserer Website erkl\u00e4ren Sie sich mit unserer Datenschutzrichtlinie einverstanden und stimmen deren Bedingungen zu.<\/p>\n\n\n\n<h2 class=\"wp-block-heading has-large-font-size eplus-wrapper\">Informationen, die wir sammeln<\/h2>\n\n\n\n<p class=\"eplus-wrapper\">Die personenbezogenen Daten, um die Sie gebeten werden, und die Gr\u00fcnde, warum Sie um diese Daten gebeten werden, werden Ihnen an dem Punkt mitgeteilt, an dem wir Sie um die Angabe Ihrer personenbezogenen Daten bitten. Wenn Sie uns direkt kontaktieren, k\u00f6nnen wir zus\u00e4tzliche Informationen \u00fcber Sie erhalten, wie z. B. Ihren Namen, Ihre E-Mail-Adresse, Ihre Telefonnummer, den Inhalt der Nachricht und\/oder Anh\u00e4nge, die Sie uns senden, und alle anderen Informationen, die Sie uns zur Verf\u00fcgung stellen m\u00f6chten. Wenn Sie einen Termin f\u00fcr den Kriya Yoga Einf\u00fchrungskurs buchen, bitten wir Sie um Ihre Kontaktinformationen, einschlie\u00dflich Angaben wie Name, Land und E-Mail-Adresse.<\/p>\n\n\n\n<h2 class=\"wp-block-heading has-large-font-size eplus-wrapper\">Wie wir Ihre Informationen verwenden<\/h2>\n\n\n\n<p class=\"eplus-wrapper\">Wir verwenden die von uns gesammelten Informationen auf verschiedene Weise, unter anderem um:<\/p>\n\n\n<ul class=\"wp-block-list eplus-wrapper eplus-styles-uid-7df6a8\">\n<li class=\"eplus-wrapper\">Bereitstellung, Betrieb und Pflege unserer Website<\/li>\n\n\n\n<li class=\"eplus-wrapper\">Verbesserung, Personalisierung und Erweiterung unserer Website<\/li>\n\n\n\n<li class=\"eplus-wrapper\">Verstehen und Analysieren, wie Sie unsere Website nutzen<\/li>\n\n\n\n<li class=\"eplus-wrapper\">Entwicklung neuer Dienste, Merkmale und Funktionen<\/li>\n\n\n\n<li class=\"eplus-wrapper\">mit Ihnen zu kommunizieren, um Ihnen Aktualisierungen und andere Informationen \u00fcber die Website zukommen zu lassen<\/li>\n<\/ul>\n\n\n<h2 class=\"wp-block-heading has-large-font-size eplus-wrapper\">Log-Dateien<\/h2>\n\n\n\n<p class=\"eplus-wrapper\">Kriya Yoga Netherland verwendet standardm\u00e4\u00dfig Protokolldateien. Diese Dateien protokollieren den Besuch von Websites. Alle Hosting-Firmen tun dies und sind Teil der Analytik der Hosting-Dienste. Die von den Logdateien gesammelten Informationen umfassen Internetprotokoll (IP)-Adressen, Browsertyp, Internet Service Provider (ISP), Datums- und Zeitstempel, verweisende\/verlassende Seiten und m\u00f6glicherweise die Anzahl der Klicks. Diese Daten werden nicht mit Informationen verkn\u00fcpft, die eine pers\u00f6nliche Identifizierung erm\u00f6glichen. Der Zweck dieser Informationen besteht darin, Trends zu analysieren, die Website zu verwalten, die Bewegungen der Nutzer auf der Website zu verfolgen und demographische Informationen zu sammeln.<\/p>\n\n\n\n<h2 class=\"wp-block-heading has-large-font-size eplus-wrapper\">Cookies und Web Beacons<\/h2>\n\n\n\n<p class=\"eplus-wrapper\">Wie jede andere Website auch, verwendet Kriya Yoga Netherland \u201eCookies\u201c. Diese Cookies werden verwendet, um Informationen zu speichern, einschlie\u00dflich der Pr\u00e4ferenzen der Besucher und der Seiten auf der Website, die der Besucher aufgerufen oder besucht hat. Diese Informationen werden verwendet, um die Erfahrung des Benutzers zu optimieren, indem der Inhalt unserer Webseite auf der Grundlage des Browsertyps des Besuchers und\/oder anderer Informationen angepasst wird.<\/p>\n\n\n\n<h2 class=\"wp-block-heading has-large-font-size eplus-wrapper\">Datenschutzrichtlinien von Drittanbietern<\/h2>\n\n\n\n<p class=\"eplus-wrapper\">Die Datenschutzrichtlinien von Kriya Yoga Netherland gelten nicht f\u00fcr andere Werbetreibende oder Websites. Daher raten wir Ihnen, die jeweiligen Datenschutzrichtlinien dieser Werbeserver Dritter zu konsultieren, um genauere Informationen zu erhalten. Sie k\u00f6nnen deren Praktiken und Anweisungen dar\u00fcber enthalten, wie Sie bestimmte Optionen ausschalten k\u00f6nnen.<\/p>\n\n\n\n<h2 class=\"wp-block-heading has-large-font-size eplus-wrapper\">GDPR-Datenschutzrechte<\/h2>\n\n\n\n<p class=\"eplus-wrapper\">Wir m\u00f6chten sicherstellen, dass Sie \u00fcber alle Ihre Datenschutzrechte informiert sind. Jeder Nutzer hat Anspruch auf die folgenden Rechte:<\/p>\n\n\n\n<p class=\"eplus-wrapper\"><strong>Das Recht auf Zugang<\/strong>&nbsp;- Sie haben das Recht, Kopien Ihrer personenbezogenen Daten anzufordern. F\u00fcr diesen Service k\u00f6nnen wir Ihnen eine geringe Geb\u00fchr in Rechnung stellen.<\/p>\n\n\n\n<p class=\"eplus-wrapper\"><strong>Das Recht auf Berichtigung<\/strong>&nbsp;- Sie haben das Recht, uns aufzufordern, Informationen zu korrigieren, von denen Sie glauben, dass sie unrichtig sind. Sie haben auch das Recht zu verlangen, dass wir die Informationen, die Sie f\u00fcr unvollst\u00e4ndig halten, vervollst\u00e4ndigen.<\/p>\n\n\n\n<p class=\"eplus-wrapper\"><strong>Das Recht auf L\u00f6schung<\/strong>&nbsp;- Sie haben das Recht, unter bestimmten Bedingungen zu verlangen, dass wir Ihre personenbezogenen Daten l\u00f6schen.<\/p>\n\n\n\n<p class=\"eplus-wrapper\"><strong>Das Recht auf Einschr\u00e4nkung der Verarbeitung<\/strong>&nbsp;- Sie haben das Recht zu verlangen, dass wir die Verarbeitung Ihrer personenbezogenen Daten unter bestimmten Bedingungen einschr\u00e4nken.<\/p>\n\n\n\n<p class=\"eplus-wrapper\"><strong>Das Recht auf Widerspruch gegen die Verarbeitung<\/strong>&nbsp;- Sie haben das Recht, der Verarbeitung Ihrer personenbezogenen Daten durch uns unter bestimmten Bedingungen zu widersprechen.<\/p>\n\n\n\n<p class=\"eplus-wrapper\"><strong>Das Recht auf Daten\u00fcbertragbarkeit<\/strong>&nbsp;- Sie haben das Recht, unter bestimmten Bedingungen zu verlangen, dass wir die von uns erfassten Daten an eine andere Organisation oder direkt an Sie weitergeben.<\/p>","protected":false},"excerpt":{"rendered":"<p>Our Privacy Policy Privacy Policy At Kriya Yoga Netherland, accessible from https:\/\/kriyayoganederland.nl, one of our main priorities is the privacy of our visitors. This Privacy Policy document contains types of information that is collected and recorded by Kriya Yoga Netherland and how we use it. If you have additional questions or require more information about [&hellip;]<\/p>\n","protected":false},"author":1,"featured_media":0,"parent":0,"menu_order":0,"comment_status":"closed","ping_status":"open","template":"","meta":{"editor_plus_copied_stylings":"{}","footnotes":""},"class_list":["post-3","page","type-page","status-publish","hentry"],"_links":{"self":[{"href":"https:\/\/kriyayoganederland.nl\/de\/wp-json\/wp\/v2\/pages\/3","targetHints":{"allow":["GET"]}}],"collection":[{"href":"https:\/\/kriyayoganederland.nl\/de\/wp-json\/wp\/v2\/pages"}],"about":[{"href":"https:\/\/kriyayoganederland.nl\/de\/wp-json\/wp\/v2\/types\/page"}],"author":[{"embeddable":true,"href":"https:\/\/kriyayoganederland.nl\/de\/wp-json\/wp\/v2\/users\/1"}],"replies":[{"embeddable":true,"href":"https:\/\/kriyayoganederland.nl\/de\/wp-json\/wp\/v2\/comments?post=3"}],"version-history":[{"count":0,"href":"https:\/\/kriyayoganederland.nl\/de\/wp-json\/wp\/v2\/pages\/3\/revisions"}],"wp:attachment":[{"href":"https:\/\/kriyayoganederland.nl\/de\/wp-json\/wp\/v2\/media?parent=3"}],"curies":[{"name":"wp","href":"https:\/\/api.w.org\/{rel}","templated":true}]}}