{"id":25,"date":"2024-08-29T08:58:28","date_gmt":"2024-08-29T06:58:28","guid":{"rendered":"https:\/\/kriyayoganederland.nl\/?page_id=25"},"modified":"2025-06-13T16:25:25","modified_gmt":"2025-06-13T14:25:25","slug":"kriya-yoga-practice","status":"publish","type":"page","link":"https:\/\/kriyayoganederland.nl\/de\/kriya-yoga-practice\/","title":{"rendered":"Kriya Yoga Praxis"},"content":{"rendered":"<div class=\"wp-block-group alignwide has-background eplus-wrapper has-global-padding is-layout-constrained wp-container-core-group-is-layout-d89aad35 wp-block-group-is-layout-constrained\" style=\"border-radius:17px;background-color:#b18c3647;margin-top:0;margin-bottom:0;padding-top:var(--wp--preset--spacing--50);padding-right:var(--wp--preset--spacing--50);padding-bottom:var(--wp--preset--spacing--50);padding-left:var(--wp--preset--spacing--50)\"><div class=\"wp-block-columns alignwide eplus-wrapper is-layout-flex wp-container-core-columns-is-layout-e2c3cc00 wp-block-columns-is-layout-flex eplus-styles-uid-c88250\">\n<div class=\"wp-block-column is-vertically-aligned-center eplus-wrapper is-layout-flow wp-block-column-is-layout-flow\" style=\"--col-width:50%;flex-basis:50%\">\n<h2 class=\"wp-block-heading has-large-font-size eplus-wrapper\">Kriya Yoga Praxis<\/h2>\n\n\n\n<p style=\"font-size:clamp(1.125rem, 1.125rem + ((1vw - 0.2rem) * 0.125), 1.2rem);\" class=\"eplus-wrapper\">Praktische Informationen \u00fcber<br>Kriya Yoga Praxis, Einweihung, etc.<\/p>\n<\/div>\n\n\n\n<div class=\"wp-block-column is-vertically-aligned-center eplus-wrapper is-layout-flow wp-block-column-is-layout-flow\" style=\"--col-width:50%;flex-basis:50%\">\n<figure class=\"wp-block-image size-full has-custom-border eplus-wrapper tw-block-animation tw-animation-fade-in-up\"><img loading=\"lazy\" decoding=\"async\" width=\"2560\" height=\"1920\" src=\"http:\/\/kriyayoganederland.nl\/wp-content\/uploads\/2024\/08\/focus-scaled.jpg\" alt=\"\" class=\"wp-image-479\" style=\"border-style:none;border-width:0px;border-radius:17px;box-shadow:var(--wp--preset--shadow--natural)\"  srcset=\"https:\/\/kriyayoganederland.nl\/wp-content\/uploads\/2024\/08\/focus-scaled.jpg 2560w, https:\/\/kriyayoganederland.nl\/wp-content\/uploads\/2024\/08\/focus-scaled-16x12.jpg 16w, https:\/\/kriyayoganederland.nl\/wp-content\/uploads\/2024\/08\/focus-scaled-1024x768.jpg 1024w\" sizes=\"auto, (max-width: 2560px) 100vw, 2560px\" \/><\/figure>\n<\/div>\n<\/div><\/div>\n\n\n\n<div class=\"wp-block-group alignwide eplus-wrapper has-global-padding is-layout-constrained wp-container-core-group-is-layout-d89aad35 wp-block-group-is-layout-constrained\" style=\"margin-top:0;margin-bottom:0;padding-top:var(--wp--preset--spacing--50);padding-right:var(--wp--preset--spacing--50);padding-bottom:var(--wp--preset--spacing--50);padding-left:var(--wp--preset--spacing--50)\">\n<div class=\"wp-block-group alignwide eplus-wrapper is-layout-flow wp-container-core-group-is-layout-a77db08e wp-block-group-is-layout-flow\">\n<div style=\"height:var(--wp--preset--spacing--40)\" aria-hidden=\"true\" class=\"wp-block-spacer eplus-wrapper\"><\/div>\n\n\n<div class=\"mycss wp-block-columns alignwide eplus-wrapper is-layout-flex wp-container-core-columns-is-layout-d18de7ed wp-block-columns-is-layout-flex eplus-styles-uid-0debab\">\n<div class=\"wp-block-column is-vertically-aligned-center eplus-wrapper is-layout-flow wp-block-column-is-layout-flow tw-block-animation tw-animation-fade-in-up\" style=\"--col-width:60%;flex-basis:60%\">\n<h3 class=\"is-style-default wp-block-heading has-accent-3-color has-text-color has-link-color eplus-wrapper wp-elements-bd003521860c7c24fa0b46df08614b82\">Kriya Yoga Praxis<\/h3>\n\n\n\n<p class=\"eplus-wrapper\">Die Methode ist sowohl f\u00fcr junge als auch f\u00fcr \u00e4ltere Menschen sehr gut geeignet und l\u00e4sst sich leicht in den Alltag integrieren. Sie umfasst leicht zu erlernende \u00dcbungen, Atem- und Meditationstechniken, die gleichzeitig K\u00f6rper, Geist, Intellekt und Seele zugute kommen. Einige dieser Techniken sind - die Bogen-Technik, die Pranayam-Technik, die Om Sadhana-Technik, die Mahamudra-Technik, die Jyotimudra-Technik usw.<\/p>\n\n\n\n<p class=\"eplus-wrapper\">In dieser spirituellen Tradition werden die Techniken nur m\u00fcndlich und pers\u00f6nlich von kompetenten Lehrern an die Sch\u00fcler weitergegeben. Wenn man die \u00dcbungen jeden Tag 15 bis 20 Minuten macht, erf\u00e4hrt man die k\u00f6rperlichen, geistigen und spirituellen Vorteile.<\/p>\n<\/div>\n\n\n\n<div class=\"wp-block-column eplus-wrapper is-layout-flow wp-block-column-is-layout-flow\" style=\"--col-width:50%;flex-basis:50%\">\n<figure class=\"wp-block-image aligncenter size-full eplus-wrapper tw-block-animation tw-animation-scale-in\"><img loading=\"lazy\" decoding=\"async\" width=\"5184\" height=\"3888\" src=\"http:\/\/kriyayoganederland.nl\/wp-content\/uploads\/2024\/09\/if-not-now-when.jpg\" alt=\"\" class=\"wp-image-829\" style=\"box-shadow:var(--wp--preset--shadow--natural);aspect-ratio:1;object-fit:cover\"  srcset=\"https:\/\/kriyayoganederland.nl\/wp-content\/uploads\/2024\/09\/if-not-now-when.jpg 5184w, https:\/\/kriyayoganederland.nl\/wp-content\/uploads\/2024\/09\/if-not-now-when-1024x768.jpg 1024w, https:\/\/kriyayoganederland.nl\/wp-content\/uploads\/2024\/09\/if-not-now-when-16x12.jpg 16w\" sizes=\"auto, (max-width: 5184px) 100vw, 5184px\" \/><\/figure>\n<\/div>\n<\/div>\n\n\n<div style=\"height:var(--wp--preset--spacing--40)\" aria-hidden=\"true\" class=\"wp-block-spacer eplus-wrapper\"><\/div>\n\n\n<div class=\"wp-block-columns alignwide eplus-wrapper is-layout-flex wp-container-core-columns-is-layout-d18de7ed wp-block-columns-is-layout-flex eplus-styles-uid-b7bbc3\">\n<div class=\"wp-block-column eplus-wrapper is-layout-flow wp-block-column-is-layout-flow\" style=\"--col-width:50%;flex-basis:50%\">\n<figure class=\"wp-block-image aligncenter size-full eplus-wrapper tw-block-animation tw-animation-scale-in\"><img loading=\"lazy\" decoding=\"async\" width=\"2560\" height=\"1920\" src=\"http:\/\/kriyayoganederland.nl\/wp-content\/uploads\/2024\/08\/one-step-at-a-time-scaled.jpg\" alt=\"\" class=\"wp-image-485\" style=\"box-shadow:var(--wp--preset--shadow--natural);aspect-ratio:1;object-fit:cover\"  srcset=\"https:\/\/kriyayoganederland.nl\/wp-content\/uploads\/2024\/08\/one-step-at-a-time-scaled.jpg 2560w, https:\/\/kriyayoganederland.nl\/wp-content\/uploads\/2024\/08\/one-step-at-a-time-scaled-16x12.jpg 16w, https:\/\/kriyayoganederland.nl\/wp-content\/uploads\/2024\/08\/one-step-at-a-time-scaled-1024x768.jpg 1024w\" sizes=\"auto, (max-width: 2560px) 100vw, 2560px\" \/><\/figure>\n<\/div>\n\n\n\n<div class=\"wp-block-column is-vertically-aligned-center eplus-wrapper is-layout-flow wp-block-column-is-layout-flow tw-block-animation tw-animation-fade-in-up\" style=\"--col-width:50%;flex-basis:50%\">\n<h3 class=\"is-style-default wp-block-heading has-accent-3-color has-text-color has-link-color eplus-wrapper wp-elements-7a139950dcbc196c2b149640a23f8ef9\">Kriya Yoga Einweihung<\/h3>\n\n\n\n<p class=\"eplus-wrapper\">Die Einweihung hilft dem Sch\u00fcler, seinen Fortschritt zu beschleunigen und die Zeit bis zum Erfolg und zur \u00dcberwindung von Hindernissen zu verk\u00fcrzen. Sie vermittelt die grundlegenden Werkzeuge, um Erfolg und Vollkommenheit zu erreichen, d.h. Demut, harte Arbeit, Disziplin, positive Einstellung, Furchtlosigkeit, Sinneskontrolle, Teilen, Vergebung, Glaube und G\u00f6ttlichkeit, Geduld usw. <\/p>\n\n\n\n<p class=\"eplus-wrapper\">Ohne Einweihung sind diese sehr schwer zu erlangen und daher ist der Erfolg in der spirituellen Praxis zweifelhaft. Die Gebete, die Liebe und die besten W\u00fcnsche des Gurus f\u00fcr den Sch\u00fcler sind ein gro\u00dfer Schutz und eine gro\u00dfe Hilfe f\u00fcr den Sch\u00fcler. Der Sch\u00fcler sollte aufrichtig versuchen, die Bedingungen der Einweihung zu erf\u00fcllen und das Vertrauen und die Technik, die der Guru vermittelt, nicht missbrauchen.<\/p>\n<\/div>\n<\/div><\/div>\n<\/div>\n\n\n\n<div class=\"wp-block-group alignwide has-background eplus-wrapper has-global-padding is-layout-constrained wp-container-core-group-is-layout-d89aad35 wp-block-group-is-layout-constrained\" style=\"border-radius:17px;background-color:#b18c3647;margin-top:0;margin-bottom:0;padding-top:var(--wp--preset--spacing--50);padding-right:var(--wp--preset--spacing--50);padding-bottom:var(--wp--preset--spacing--50);padding-left:var(--wp--preset--spacing--50)\"><div class=\"wp-block-columns alignwide eplus-wrapper is-layout-flex wp-container-core-columns-is-layout-eed4adda wp-block-columns-is-layout-flex eplus-styles-uid-a308ab\">\n<div class=\"wp-block-column is-vertically-aligned-center eplus-wrapper is-layout-flow wp-block-column-is-layout-flow\" style=\"--col-width:60%;flex-basis:60%\">\n<figure class=\"is-style-rounded wp-block-image size-full eplus-wrapper wp-duotone-duotone-1 is-style-rounded--2 tw-block-animation tw-animation-fade-in-up\"><img decoding=\"async\" src=\"https:\/\/kriyayoganederland.nl\/wp-content\/themes\/twentytwentyfour\/assets\/images\/abstract-geometric-art.webp\" alt=\"White abstract geometric artwork from Dresden, Germany\" style=\"box-shadow:var(--wp--preset--shadow--natural);aspect-ratio:4\/3;object-fit:cover\" ><\/figure>\n<\/div>\n\n\n\n<div class=\"wp-block-column eplus-wrapper is-layout-flow wp-block-column-is-layout-flow\" style=\"--col-width:40%;flex-basis:40%\">\n<h3 class=\"wp-block-heading has-contrast-color has-text-color has-link-color eplus-wrapper wp-elements-936691632bded5b6b8246498d91317ab\">Die Notwendigkeit der Kriya Yoga Einweihung<\/h3>\n\n\n\n<p class=\"eplus-wrapper\">For Kriya Yoga initiation the genuine intention to learn the techniques and the daily practice is a must. And to be free from dogmatic thinking. If you want to be initiated in Kriya Yoga and learn the practice, then let us know via\u00a0e-mail and we will inform you what is needed and why it is needed. <\/p>\n\n\n\n<p class=\"eplus-wrapper\">Die Einweihung wird von Mahaswami Atmananda Paramahansa gegeben und findet in einem unserer Zentren statt. W\u00e4hrend der Kriya Yoga Einweihung hilft der Guru dem Sch\u00fcler, eine Reihe von Gel\u00fcbden der spirituellen Praxis abzulegen, einschlie\u00dflich der Geheimhaltung der Techniken des Kriya Yoga und des t\u00e4glichen \u00dcbens der Techniken.<\/p>\n<\/div>\n<\/div><\/div>\n\n\n\n<div class=\"eplus-wrapper wp-block-group alignwide has-global-padding is-layout-constrained wp-container-core-group-is-layout-a151063b wp-block-group-is-layout-constrained\" style=\"border-radius:16px;padding-top:var(--wp--preset--spacing--50);padding-right:var(--wp--preset--spacing--40);padding-bottom:var(--wp--preset--spacing--50);padding-left:var(--wp--preset--spacing--40)\">\n<div class=\"eplus-wrapper wp-block-group alignwide is-vertical is-content-justification-stretch is-layout-flex wp-container-core-group-is-layout-353c4f5a wp-block-group-is-layout-flex\">\n<h2 class=\"eplus-wrapper wp-block-heading has-text-align-center has-accent-3-color has-text-color has-link-color wp-elements-d79303db52458fb5afde3d220ec54efe\">Mehr lesen<\/h2>\n\n\n\n<p class=\"eplus-wrapper has-text-align-center\" style=\"margin-top:var(--wp--preset--spacing--10);font-size:1.125rem\">Einige weitere interessante Fakten...<\/p>\n<\/div>\n\n\n\n<div style=\"height:var(--wp--preset--spacing--30)\" aria-hidden=\"true\" class=\"eplus-wrapper wp-block-spacer\"><\/div>\n\n\n<div class=\"eplus-wrapper wp-block-columns alignwide is-layout-flex wp-container-core-columns-is-layout-3e6d1e9e wp-block-columns-is-layout-flex tw-block-animation tw-animation-fade-in-up eplus-styles-uid-31bc1d\">\n<div class=\"eplus-wrapper wp-block-column is-layout-flow wp-block-column-is-layout-flow\" style=\"border-top-style:none;border-top-width:0px;padding-top:var(--wp--preset--spacing--30);padding-right:var(--wp--preset--spacing--30);padding-bottom:var(--wp--preset--spacing--10);padding-left:var(--wp--preset--spacing--30)\">\n<details class=\"is-style-default eplus-wrapper wp-block-details is-layout-flow wp-block-details-is-layout-flow\" style=\"border-style:none;border-width:0px\"><summary>Kriya Yoga Ver\u00f6ffentlichungen<\/summary>\n<p class=\"eplus-wrapper\">The bi-monthly newsletter \u201cKriya Yoga Sandesh\u201d is distributed by e-mail among all Kriyabans ( Kriya Yoga practitioners who are initiated by Mahaswami Atmananda Paramahansa and his authorized Yogacharyas). The newsletter is written by Mahaswami Atmanandaji and includes his spiritual teachings, his discussion and interpretation of the Holy Bhagavad Gita, and news from his centers worldwide. The \u201cKriya Yoga Sandesh\u201d is available in multiple languages including English, Hindi, German, and Dutch language.<\/p>\n<\/details>\n<\/div>\n\n\n\n<div class=\"eplus-wrapper wp-block-column is-layout-flow wp-block-column-is-layout-flow\" style=\"border-top-style:none;border-top-width:0px;padding-top:var(--wp--preset--spacing--30);padding-right:var(--wp--preset--spacing--30);padding-bottom:var(--wp--preset--spacing--10);padding-left:var(--wp--preset--spacing--30)\">\n<details class=\"eplus-wrapper wp-block-details is-layout-flow wp-block-details-is-layout-flow\"><summary>Kriya Yoga-Unterricht<\/summary>\n<p class=\"eplus-wrapper\">We advise you to follow the Kriya Yoga lessons.\u00a0 To remember and master the techniques and the fine details you can practice under the guidance of a Yogacharya ( a person who is more advanced in Kriya Yoga and who is specially initiated to help other Kriyabans).<\/p>\n\n\n\n<p class=\"eplus-wrapper\">Die Kriya Yoga Stunden finden jede Woche am Donnerstag in unserem Amsterdam Center Brouwersgracht 270 A 1013 HG Amsterdam statt. Die Einweihung in den h\u00f6heren Kriya Yoga erfolgt nach ausreichendem Fortschritt durch st\u00e4ndiges t\u00e4gliches \u00dcben der Techniken und unterliegt dem Ermessen von Mahaswami Atmananda Ji.<\/p>\n<\/details>\n<\/div>\n\n\n\n<div class=\"eplus-wrapper wp-block-column is-layout-flow wp-block-column-is-layout-flow\" style=\"border-top-style:none;border-top-width:0px;padding-top:var(--wp--preset--spacing--30);padding-right:var(--wp--preset--spacing--30);padding-bottom:var(--wp--preset--spacing--10);padding-left:var(--wp--preset--spacing--30)\">\n<details class=\"eplus-wrapper wp-block-details is-layout-flow wp-block-details-is-layout-flow\"><summary>Satsangs<\/summary>\n<p class=\"eplus-wrapper\">Satsang means actually \u201choly meeting\u201d. When several people come together to meditate, the spiritual impression and power are greatly strengthened. You are able to concentrate better and meditate deeper and enjoy inner peace. The Satangs we organize is on the same day and same location as the Kriya Yoga lessons during the month and are accessible to Kriyabans.<\/p>\n<\/details>\n<\/div>\n<\/div>\n\n<div class=\"eplus-wrapper wp-block-columns alignwide is-layout-flex wp-container-core-columns-is-layout-3e6d1e9e wp-block-columns-is-layout-flex tw-block-animation tw-animation-fade-in-up eplus-styles-uid-83beb4\">\n<div class=\"eplus-wrapper wp-block-column is-layout-flow wp-block-column-is-layout-flow\" style=\"border-top-style:none;border-top-width:0px;padding-top:var(--wp--preset--spacing--30);padding-right:var(--wp--preset--spacing--30);padding-bottom:var(--wp--preset--spacing--10);padding-left:var(--wp--preset--spacing--30)\">\n<details class=\"is-style-default eplus-wrapper wp-block-details is-layout-flow wp-block-details-is-layout-flow\" style=\"border-style:none;border-width:0px\"><summary>Seminare<\/summary>\n<p class=\"eplus-wrapper\">In the Kriya Yoga Dhyana Kendra Centre ( the main Ashram of Mahaswami Atmananda Paramahansa) in Rourkela, in the state Orissa in India, an annual international Kriya Yoga seminar is organized and takes a few days. This yearly international function is guided by Mahaswami Atmanandaji and includes public lectures on Kriya Yoga, discussions on holy scriptures, prayers, guided meditations and initiations.<\/p>\n\n\n\n<p class=\"eplus-wrapper\">All programs deal with important aspects of Kriya Yoga, discuss the benefits that it offers and gives instructions for the implementation in daily life which gives, as a result, the disappearance of stress ! During the seminar healthy vegetarian meals are being served, free medical checkups and medical treatments are offered and through the receipt of donations, young students are enabled to follow study.<\/p>\n\n\n\n<p class=\"eplus-wrapper\">Students and interested people from all over the world are invited to attend and benefit from this special celebration. Other Kriya Yoga centres organize smaller Kriya Yoga seminars during Mahaswami Atmanandaji\u2019s tours in India, Europe, the USA, Canada and Asia. These seminars offer an update, renewed energy and inspiration, leaving behind the pressures of everyday life and offering you the possibility to be together with\u00a0 Mahaswami Atmanandaji and ask Him for His help and guidance.<\/p>\n<\/details>\n<\/div>\n\n\n\n<div class=\"eplus-wrapper wp-block-column is-layout-flow wp-block-column-is-layout-flow\" style=\"border-top-style:none;border-top-width:0px;padding-top:var(--wp--preset--spacing--30);padding-right:var(--wp--preset--spacing--30);padding-bottom:var(--wp--preset--spacing--10);padding-left:var(--wp--preset--spacing--30)\">\n<details class=\"eplus-wrapper wp-block-details is-layout-flow wp-block-details-is-layout-flow\"><summary>R\u00fcckzugsgebiete<\/summary>\n<p class=\"eplus-wrapper\">The value of silence cannot be understood except through experience!<br>During the visits of Mahaswami Atmanandaji, the centres regularly organise retreats in suitable accommodation in a relaxing and inspiring environment. The participants of the retreat maintain silence during the time at the retreat, joining an extensive program with daily guided group meditations, classes, lectures, relaxation techniques, question and answer sessions etc.<\/p>\n\n\n\n<p class=\"eplus-wrapper\">Free time can be used to relax and spend in nature.<br>Participants are expected to join the full program of a long weekend ( 2\/3 days) in order to achieve optimal results of the retreat. Kriyabans and interested people who want to have initiation by Mahaswami Atmanandaji are invited to join the retreat.<\/p>\n<\/details>\n<\/div>\n\n\n\n<div class=\"eplus-wrapper wp-block-column is-layout-flow wp-block-column-is-layout-flow\" style=\"border-top-style:none;border-top-width:0px;padding-top:var(--wp--preset--spacing--30);padding-right:var(--wp--preset--spacing--30);padding-bottom:var(--wp--preset--spacing--10);padding-left:var(--wp--preset--spacing--30)\">\n<details class=\"eplus-wrapper wp-block-details is-layout-flow wp-block-details-is-layout-flow\"><summary>\u00d6ffentliche Vorlesungen<\/summary>\n<p class=\"eplus-wrapper\">Public lectures on Kriya Yoga are organized by the centres during Mahaswami Atmanandaji\u2019s visit. The public lecture is in a public space and aims to give an introduction of Kriya Yoga, the philosophy, the techniques and the multitude of benefits to the interested people. The public lecture is open to everyone. Through the website and notices on the spot, the place and time are published.<\/p>\n<\/details>\n<\/div>\n<\/div><\/div>\n\n\n\n<div class=\"wp-block-group alignwide has-base-background-color has-background eplus-wrapper has-global-padding is-layout-constrained wp-container-core-group-is-layout-7cd14b77 wp-block-group-is-layout-constrained tw-block-animation tw-animation-scale-in\" style=\"margin-top:0;margin-bottom:0;padding-top:var(--wp--preset--spacing--60);padding-right:var(--wp--preset--spacing--60);padding-bottom:var(--wp--preset--spacing--60);padding-left:var(--wp--preset--spacing--60)\">\n<div class=\"wp-block-group alignwide eplus-wrapper is-layout-flow wp-block-group-is-layout-flow\">\n<div style=\"height:var(--wp--preset--spacing--50)\" aria-hidden=\"true\" class=\"wp-block-spacer eplus-wrapper\"><\/div>\n\n\n\n<blockquote class=\"is-style-tw-icon wp-block-quote eplus-wrapper is-layout-flow wp-block-quote-is-layout-flow\">\n<p class=\"has-text-align-center has-heading-font-family has-large-font-size eplus-wrapper\" style=\"font-style:normal;font-weight:400;line-height:1.2\"><em>He who is content with whatever comes, without attachment, not disappointed when he gets nothing, is wise.<\/em><\/p>\n\n\n\n<p class=\"has-text-align-center has-medium-font-size eplus-wrapper\">The Bhagavad Gita Chapter 4 Verse 22<\/p>\n<\/blockquote>\n\n\n\n<div style=\"height:var(--wp--preset--spacing--50)\" aria-hidden=\"true\" class=\"wp-block-spacer eplus-wrapper\"><\/div>\n<\/div>\n<\/div>","protected":false},"excerpt":{"rendered":"<p>Kriya yoga Practice Practical information aboutKriya Yoga practice, initiation, etc. Kriya Yoga Practice The method is very suitable for young- as well as older people and is easy to integrate into daily life. It involves easy to learn exercises, breathing and meditation techniques, giving simultaneous benefit to the body, mind, intellect and Soul. Some of [&hellip;]<\/p>\n","protected":false},"author":1,"featured_media":0,"parent":0,"menu_order":0,"comment_status":"closed","ping_status":"closed","template":"","meta":{"editor_plus_copied_stylings":"{}","footnotes":""},"class_list":["post-25","page","type-page","status-publish","hentry"],"_links":{"self":[{"href":"https:\/\/kriyayoganederland.nl\/de\/wp-json\/wp\/v2\/pages\/25","targetHints":{"allow":["GET"]}}],"collection":[{"href":"https:\/\/kriyayoganederland.nl\/de\/wp-json\/wp\/v2\/pages"}],"about":[{"href":"https:\/\/kriyayoganederland.nl\/de\/wp-json\/wp\/v2\/types\/page"}],"author":[{"embeddable":true,"href":"https:\/\/kriyayoganederland.nl\/de\/wp-json\/wp\/v2\/users\/1"}],"replies":[{"embeddable":true,"href":"https:\/\/kriyayoganederland.nl\/de\/wp-json\/wp\/v2\/comments?post=25"}],"version-history":[{"count":0,"href":"https:\/\/kriyayoganederland.nl\/de\/wp-json\/wp\/v2\/pages\/25\/revisions"}],"wp:attachment":[{"href":"https:\/\/kriyayoganederland.nl\/de\/wp-json\/wp\/v2\/media?parent=25"}],"curies":[{"name":"wp","href":"https:\/\/api.w.org\/{rel}","templated":true}]}}