{"id":23,"date":"2024-08-29T08:57:15","date_gmt":"2024-08-29T06:57:15","guid":{"rendered":"https:\/\/kriyayoganederland.nl\/?page_id=23"},"modified":"2024-11-17T09:00:36","modified_gmt":"2024-11-17T08:00:36","slug":"background-information","status":"publish","type":"page","link":"https:\/\/kriyayoganederland.nl\/de\/background-information\/","title":{"rendered":"Hintergrund-Informationen"},"content":{"rendered":"<div class=\"eplus-wrapper wp-block-group alignwide has-background has-global-padding is-layout-constrained wp-container-core-group-is-layout-d89aad35 wp-block-group-is-layout-constrained\" style=\"border-radius:17px;background-color:#92c1ff;margin-top:0;margin-bottom:0;padding-top:var(--wp--preset--spacing--50);padding-right:var(--wp--preset--spacing--50);padding-bottom:var(--wp--preset--spacing--50);padding-left:var(--wp--preset--spacing--50)\"><div class=\"eplus-wrapper wp-block-columns alignwide is-layout-flex wp-container-core-columns-is-layout-e2c3cc00 wp-block-columns-is-layout-flex eplus-styles-uid-7c1975\">\n<div class=\"eplus-wrapper wp-block-column is-vertically-aligned-center is-layout-flow wp-block-column-is-layout-flow tw-block-animation tw-animation-fade-in-up\" style=\"--col-width:50%;flex-basis:50%\">\n<p class=\"eplus-wrapper has-contrast-color has-text-color has-link-color has-heading-font-family has-large-font-size wp-elements-be47715290719a4942e94c4ce544a309\">Hintergrund-Informationen<\/p>\n\n\n\n<p class=\"eplus-wrapper has-medium-font-size\">Yoga bedeutet \u201eEinheit\u201c. Durch vollkommene Konzentration des Geistes (d.h. Abwesenheit jeglicher Gedanken) wird diese Einheit durch die Verschmelzung des individuellen Bewusstseins mit dem H\u00f6chsten Gewahrsein geschaffen.<\/p>\n<\/div>\n\n\n\n<div class=\"eplus-wrapper wp-block-column is-vertically-aligned-center is-layout-flow wp-block-column-is-layout-flow\" style=\"--col-width:50%;flex-basis:50%\">\n<figure class=\"eplus-wrapper wp-block-image size-full has-custom-border tw-block-animation tw-animation-scale-in\"><img loading=\"lazy\" decoding=\"async\" width=\"2560\" height=\"1920\" src=\"http:\/\/kriyayoganederland.nl\/wp-content\/uploads\/2024\/08\/background-info-scaled.jpg\" alt=\"background info\" class=\"wp-image-459\" style=\"border-radius:17px;box-shadow:var(--wp--preset--shadow--natural)\"  srcset=\"https:\/\/kriyayoganederland.nl\/wp-content\/uploads\/2024\/08\/background-info-scaled.jpg 2560w, https:\/\/kriyayoganederland.nl\/wp-content\/uploads\/2024\/08\/background-info-scaled-16x12.jpg 16w, https:\/\/kriyayoganederland.nl\/wp-content\/uploads\/2024\/08\/background-info-scaled-1024x768.jpg 1024w\" sizes=\"auto, (max-width: 2560px) 100vw, 2560px\" \/><\/figure>\n<\/div>\n<\/div><\/div>\n\n\n<div class=\"mycss wp-block-group alignwide eplus-wrapper has-global-padding is-layout-constrained wp-container-core-group-is-layout-d89aad35 wp-block-group-is-layout-constrained eplus-styles-uid-9462ad\" style=\"margin-top:0;margin-bottom:0;padding-top:var(--wp--preset--spacing--50);padding-right:var(--wp--preset--spacing--50);padding-bottom:var(--wp--preset--spacing--50);padding-left:var(--wp--preset--spacing--50)\">\n<div class=\"mycss wp-block-group alignwide eplus-wrapper is-layout-flow wp-container-core-group-is-layout-a77db08e wp-block-group-is-layout-flow\">\n<div style=\"height:var(--wp--preset--spacing--40)\" aria-hidden=\"true\" class=\"eplus-wrapper wp-block-spacer\"><\/div>\n\n\n<div class=\"eplus-wrapper wp-block-columns alignwide is-layout-flex wp-container-core-columns-is-layout-d18de7ed wp-block-columns-is-layout-flex eplus-styles-uid-d52ba8\">\n<div class=\"eplus-wrapper wp-block-column is-vertically-aligned-center is-layout-flow wp-block-column-is-layout-flow\" style=\"--col-width:50%;flex-basis:50%\">\n<h3 class=\"is-style-default eplus-wrapper wp-block-heading has-accent-3-color has-text-color has-link-color wp-elements-4c43190c202cbd97f23da9471a7bcbf1\">Kriya<\/h3>\n\n\n\n<p class=\"eplus-wrapper has-medium-font-size\">Der Name Kriya Yoga stammt von den Sanskrit-Verben\u00a0<strong>Kri\u00a0<\/strong>and\u00a0<strong>Ya.<\/strong>\u00a0Kri bedeutet Alle Aktivit\u00e4ten, alle Handlungen. Ya bedeutet, die Quelle aller Aktivit\u00e4ten. <\/p>\n\n\n\n<p class=\"eplus-wrapper has-medium-font-size\">Kriya bedeutet also die Erinnerung an das innere, unsichtbare Selbst, die Seele, als den wahren Ausf\u00fchrenden, den wahren Handelnden aller Handlungen. Spiritualit\u00e4t ist die Essenz der Sch\u00f6pfung.<\/p>\n<\/div>\n\n\n\n<div class=\"eplus-wrapper wp-block-column is-layout-flow wp-block-column-is-layout-flow\" style=\"--col-width:50%;flex-basis:50%\">\n<figure class=\"is-style-rounded eplus-wrapper wp-block-image size-full wp-duotone-unset-3 is-style-rounded--2 tw-block-animation tw-animation-scale-in\"><img loading=\"lazy\" decoding=\"async\" width=\"1024\" height=\"683\" src=\"http:\/\/kriyayoganederland.nl\/wp-content\/uploads\/2024\/08\/Lamps-1024x683-1.webp\" alt=\"\" class=\"wp-image-135\" style=\"box-shadow:var(--wp--preset--shadow--natural)\"  srcset=\"https:\/\/kriyayoganederland.nl\/wp-content\/uploads\/2024\/08\/Lamps-1024x683-1.webp 1024w, https:\/\/kriyayoganederland.nl\/wp-content\/uploads\/2024\/08\/Lamps-1024x683-1-18x12.webp 18w\" sizes=\"auto, (max-width: 1024px) 100vw, 1024px\" \/><\/figure>\n<\/div>\n<\/div>\n\n\n<div style=\"height:var(--wp--preset--spacing--40)\" aria-hidden=\"true\" class=\"eplus-wrapper wp-block-spacer\"><\/div>\n\n\n<div class=\"mycss wp-block-columns alignwide eplus-wrapper is-layout-flex wp-container-core-columns-is-layout-d18de7ed wp-block-columns-is-layout-flex eplus-styles-uid-691783\">\n<div class=\"eplus-wrapper wp-block-column is-layout-flow wp-block-column-is-layout-flow\" style=\"--col-width:50%;flex-basis:50%\">\n<figure class=\"is-style-rounded eplus-wrapper wp-block-image size-full is-style-rounded--4 tw-block-animation tw-animation-scale-in\"><img loading=\"lazy\" decoding=\"async\" width=\"1024\" height=\"683\" src=\"http:\/\/kriyayoganederland.nl\/wp-content\/uploads\/2024\/08\/Lotus-1024x683-1.webp\" alt=\"\" class=\"wp-image-134\" style=\"box-shadow:var(--wp--preset--shadow--natural)\"  srcset=\"https:\/\/kriyayoganederland.nl\/wp-content\/uploads\/2024\/08\/Lotus-1024x683-1.webp 1024w, https:\/\/kriyayoganederland.nl\/wp-content\/uploads\/2024\/08\/Lotus-1024x683-1-18x12.webp 18w\" sizes=\"auto, (max-width: 1024px) 100vw, 1024px\" \/><\/figure>\n<\/div>\n\n\n\n<div class=\"eplus-wrapper wp-block-column is-vertically-aligned-center is-layout-flow wp-block-column-is-layout-flow\" style=\"--col-width:40%;flex-basis:40%\">\n<h3 class=\"is-style-default eplus-wrapper wp-block-heading has-accent-3-color has-text-color has-link-color wp-elements-5ef96e8d86e275df82d5930a642aad19\">Kunst und Wissenschaft der Spiritualit\u00e4t<\/h3>\n\n\n\n<p class=\"eplus-wrapper\">Es ist das innerste Zentrum im Herzen aller Religionen und Glaubensrichtungen, in dem sich der Sch\u00f6pfer selbst offenbart. Yoga im Allgemeinen und Kriya Yoga im Besonderen ist die Kunst und Wissenschaft der Spiritualit\u00e4t. <\/p>\n\n\n\n<p class=\"eplus-wrapper\">Durch die Praxis der Meditation durchbrechen die Menschen die Grenzen der materiellen Existenz und erkennen ihre Einheit mit dem universellen H\u00f6chsten Selbst.<\/p>\n<\/div>\n<\/div><\/div>\n\n\n\n<div class=\"mycss wp-block-group alignwide eplus-wrapper is-layout-flow wp-container-core-group-is-layout-a77db08e wp-block-group-is-layout-flow\">\n<div style=\"height:var(--wp--preset--spacing--40)\" aria-hidden=\"true\" class=\"eplus-wrapper wp-block-spacer\"><\/div>\n\n\n<div class=\"wp-block-columns alignwide eplus-wrapper is-layout-flex wp-container-core-columns-is-layout-d18de7ed wp-block-columns-is-layout-flex eplus-styles-uid-0e5cb0\">\n<div class=\"eplus-wrapper wp-block-column is-vertically-aligned-center is-layout-flow wp-block-column-is-layout-flow\" style=\"--col-width:40%;flex-basis:40%\">\n<h3 class=\"is-style-default eplus-wrapper wp-block-heading has-accent-3-color has-text-color has-link-color wp-elements-21e188a05b8ad948135470a35b636705\">Zweck<\/h3>\n\n\n\n<p class=\"eplus-wrapper\">Zur Seele zu gelangen, das ist der Zweck von Kriya Yoga. Meditation ist die Praxis der Gegenwart Gottes oder des H\u00f6chsten Geistes. Kriya Yoga ist die h\u00f6chste Form der Praxis der Gegenwart Gottes oder des H\u00f6chsten Geistes. <\/p>\n\n\n\n<p class=\"eplus-wrapper\">Es geht darum, wie die Seele in den K\u00f6rper hinabgestiegen ist und wie man sie \u00fcber die Grenzen des K\u00f6rpers hinaus ins Unendliche zur\u00fcck zur Wirbels\u00e4ule und zum Gehirn bringt.<\/p>\n<\/div>\n\n\n\n<div class=\"eplus-wrapper wp-block-column is-layout-flow wp-block-column-is-layout-flow\" style=\"--col-width:50%;flex-basis:50%\">\n<figure class=\"is-style-rounded eplus-wrapper wp-block-image size-full is-style-rounded--5 tw-block-animation tw-animation-scale-in\"><img loading=\"lazy\" decoding=\"async\" width=\"1024\" height=\"683\" src=\"http:\/\/kriyayoganederland.nl\/wp-content\/uploads\/2024\/08\/Breathe-1024x683-1.webp\" alt=\"\" class=\"wp-image-133\" style=\"box-shadow:var(--wp--preset--shadow--natural)\"  srcset=\"https:\/\/kriyayoganederland.nl\/wp-content\/uploads\/2024\/08\/Breathe-1024x683-1.webp 1024w, https:\/\/kriyayoganederland.nl\/wp-content\/uploads\/2024\/08\/Breathe-1024x683-1-18x12.webp 18w\" sizes=\"auto, (max-width: 1024px) 100vw, 1024px\" \/><\/figure>\n<\/div>\n<\/div>\n\n\n<div style=\"height:var(--wp--preset--spacing--40)\" aria-hidden=\"true\" class=\"eplus-wrapper wp-block-spacer\"><\/div>\n\n\n<div class=\"mycss wp-block-columns alignwide eplus-wrapper is-layout-flex wp-container-core-columns-is-layout-d18de7ed wp-block-columns-is-layout-flex eplus-styles-uid-ce2fa3\">\n<div class=\"eplus-wrapper wp-block-column is-layout-flow wp-block-column-is-layout-flow\" style=\"--col-width:50%;flex-basis:50%\">\n<figure class=\"is-style-rounded eplus-wrapper wp-block-image size-full is-style-rounded--6 tw-block-animation tw-animation-scale-in\"><img loading=\"lazy\" decoding=\"async\" width=\"2560\" height=\"1706\" src=\"https:\/\/kriyayoganederland.nl\/wp-content\/uploads\/2024\/08\/altar-1-scaled.jpg\" alt=\"\" class=\"wp-image-489\" style=\"box-shadow:var(--wp--preset--shadow--natural)\"  srcset=\"https:\/\/kriyayoganederland.nl\/wp-content\/uploads\/2024\/08\/altar-1-scaled.jpg 2560w, https:\/\/kriyayoganederland.nl\/wp-content\/uploads\/2024\/08\/altar-1-scaled-18x12.jpg 18w, https:\/\/kriyayoganederland.nl\/wp-content\/uploads\/2024\/08\/altar-1-scaled-1024x682.jpg 1024w\" sizes=\"auto, (max-width: 2560px) 100vw, 2560px\" \/><\/figure>\n<\/div>\n\n\n\n<div class=\"eplus-wrapper wp-block-column is-vertically-aligned-center is-layout-flow wp-block-column-is-layout-flow\" style=\"--col-width:40%;flex-basis:40%\">\n<h3 class=\"is-style-default eplus-wrapper wp-block-heading has-accent-3-color has-text-color has-link-color wp-elements-bb2e35b03c0c368c8f4b1192a69a5efe\">Die Alt\u00e4re Gottes<\/h3>\n\n\n\n<p class=\"eplus-wrapper\">Die Wirbels\u00e4ule und das Gehirn sind die Alt\u00e4re Gottes oder des H\u00f6chsten Geistes. Dort flie\u00dft die Elektrizit\u00e4t Gottes oder des H\u00f6chsten Geistes in das Nervensystem hinunter in die Welt und so werden die Sinne (riechen, ber\u00fchren, sehen, h\u00f6ren, etc.) nach au\u00dfen gerichtet. <\/p>\n\n\n\n<p class=\"eplus-wrapper\">Aber wenn du die Energie durch Kriya Yoga umkehrst und dich auf die Wirbels\u00e4ule und das Gehirn konzentrierst, wirst du den Sch\u00f6pfer erblicken. Die Sinne zu meistern, bringt unsterbliche Kraft nach innen. Du wirst in der Lage sein, die gro\u00dfe Kraft der unendlichen Sph\u00e4re des Geistes zu erkennen, die ein wenig hinter deinem Herzen liegt.<\/p>\n<\/div>\n<\/div><\/div>\n<\/div>\n\n\n<div class=\"eplus-wrapper wp-block-group alignwide has-background has-global-padding is-layout-constrained wp-container-core-group-is-layout-a151063b wp-block-group-is-layout-constrained\" style=\"border-radius:16px;background-color:#92c1ff;padding-top:var(--wp--preset--spacing--50);padding-right:var(--wp--preset--spacing--40);padding-bottom:var(--wp--preset--spacing--50);padding-left:var(--wp--preset--spacing--40)\">\n<div class=\"eplus-wrapper wp-block-group alignwide is-vertical is-content-justification-stretch is-layout-flex wp-container-core-group-is-layout-353c4f5a wp-block-group-is-layout-flex\">\n<h2 class=\"eplus-wrapper wp-block-heading has-text-align-center has-contrast-color has-text-color has-link-color has-large-font-size wp-elements-9a1f749c1661a7a0b62cafe7b9712ff3\">Mehr lesen<\/h2>\n\n\n\n<p class=\"eplus-wrapper has-text-align-center\" style=\"margin-top:var(--wp--preset--spacing--10);font-size:1.125rem\">Einige weitere wichtige Informationen...<\/p>\n<\/div>\n\n\n\n<div style=\"height:var(--wp--preset--spacing--30)\" aria-hidden=\"true\" class=\"eplus-wrapper wp-block-spacer\"><\/div>\n\n\n<div class=\"eplus-wrapper wp-block-columns alignwide is-layout-flex wp-container-core-columns-is-layout-3e6d1e9e wp-block-columns-is-layout-flex tw-block-animation tw-animation-fade-in-up eplus-styles-uid-ed1688\">\n<div class=\"osom-details wp-block-column is-vertically-aligned-center eplus-wrapper is-layout-flow wp-block-column-is-layout-flow\" style=\"border-top-style:none;border-top-width:0px;padding-top:var(--wp--preset--spacing--30);padding-right:var(--wp--preset--spacing--30);padding-bottom:var(--wp--preset--spacing--10);padding-left:var(--wp--preset--spacing--30)\">\n<details class=\"wp-block-details eplus-wrapper is-layout-flow wp-block-details-is-layout-flow tw-block-animation tw-animation-fade-in\" style=\"border-style:none;border-width:0px\"><summary>\u00dcber Gedanken hinausgehen<\/summary>\n<p class=\"eplus-wrapper\">\u00dcber die Gedanken hinausgehen. Durch regelm\u00e4\u00dfiges, kontinuierliches t\u00e4gliches \u00dcben verleiht Kriya Yoga die Kraft der Intuition, die schlie\u00dflich zur Erfahrung des reinen Bewusstseins und der Selbstverwirklichung (= Einssein) mit dem H\u00f6chsten Selbst, Gott, f\u00fchrt. <\/p>\n\n\n\n<p class=\"eplus-wrapper\">\u00dcber die Gedanken hinausgehen. Durch regelm\u00e4\u00dfiges, kontinuierliches t\u00e4gliches \u00dcben verleiht Kriya Yoga die Kraft der Intuition, die schlie\u00dflich zur Erfahrung des reinen Bewusstseins und der Selbstverwirklichung (= Einssein) mit dem H\u00f6chsten Selbst, Gott, f\u00fchrt. <\/p>\n\n\n\n<p class=\"eplus-wrapper\">Die alten indischen Meister der Veden erkannten, dass unendliches, kontinuierliches Gl\u00fcck das Ziel der Sch\u00f6pfung und aller geschaffenen Wesen ist.<\/p>\n<\/details>\n<\/div>\n\n\n\n<div class=\"osom-details wp-block-column is-vertically-aligned-center eplus-wrapper is-layout-flow wp-block-column-is-layout-flow\" style=\"border-top-style:none;border-top-width:0px;padding-top:var(--wp--preset--spacing--30);padding-right:var(--wp--preset--spacing--30);padding-bottom:var(--wp--preset--spacing--10);padding-left:var(--wp--preset--spacing--30)\">\n<details class=\"wp-block-details eplus-wrapper is-layout-flow wp-block-details-is-layout-flow tw-block-animation tw-animation-fade-in\"><summary>Einssein mit dem Sch\u00f6pfer<\/summary>\n<p class=\"eplus-wrapper\">Um dieses absolute Gl\u00fcck zu erlangen, m\u00fcssen wir unser Einssein mit dem Sch\u00f6pfer, der Quelle allen Gl\u00fccks und absoluter Gl\u00fcckseligkeit, GOTT \/ h\u00f6chster Geist, erkennen. <\/p>\n\n\n\n<p class=\"eplus-wrapper\">Neben Frieden und Gl\u00fcck schenkt Kriya Yoga eine starke und kr\u00e4ftige Gesundheit, Effizienz in der Arbeit, Entscheidungsf\u00e4higkeit, ein Gef\u00fchl universeller Liebe und Harmonie mit den Mitmenschen und der gesamten Sch\u00f6pfung. <\/p>\n\n\n\n<p class=\"eplus-wrapper\">Kriya Yoga beinhaltet leicht zu erlernende wissenschaftliche K\u00f6rper\u00fcbungen, Atem- und Meditationstechniken. Es ist sowohl f\u00fcr junge als auch f\u00fcr \u00e4ltere Menschen geeignet und leicht in den Alltag zu integrieren.<\/p>\n<\/details>\n<\/div>\n\n\n\n<div class=\"osom-details wp-block-column is-vertically-aligned-center eplus-wrapper is-layout-flow wp-block-column-is-layout-flow\" style=\"border-top-style:none;border-top-width:0px;padding-top:var(--wp--preset--spacing--30);padding-right:var(--wp--preset--spacing--30);padding-bottom:var(--wp--preset--spacing--10);padding-left:var(--wp--preset--spacing--30)\">\n<details class=\"wp-block-details eplus-wrapper is-layout-flow wp-block-details-is-layout-flow tw-block-animation tw-animation-fade-in\"><summary>Kriya Yoga - Eine heilige Technik<\/summary>\n<p class=\"eplus-wrapper\">Die Technik ist eine heilige Technik, die m\u00fcndlich vom Lehrer an die Person weitergegeben wird, die Kriya Yoga aufrichtig lernen m\u00f6chte. <\/p>\n\n\n\n<p class=\"eplus-wrapper\">Eine pers\u00f6nliche Einweihung in die Techniken ist erforderlich. Weitere Informationen \u00fcber die \u00dcberlieferungslinie dieser spirituellen Tradition und Mahaswami Paramahansa Atmananda, den Guru (spiritueller Lehrer, bedeutet w\u00f6rtlich \u201eVertreiber der Unwissenheit\u201c) von Kriya Yoga Nederland, finden Sie hier:\u00a0<a href=\"https:\/\/kriyayoganederland.nl\/de\/kriya-yoga-masters\/\">\u201cKriya Yoga Masters\u201d<\/a>.<\/p>\n\n\n\n<p class=\"eplus-wrapper\">F\u00fcr weitere allgemeine Informationen \u00fcber Kriya Yoga, wie Kriya Yoga Praxis, Einweihung, Unterricht etc. siehe: \u201c<a href=\"https:\/\/kriyayoganederland.nl\/de\/kriya-yoga-practice\/\">Kriya Yoga Praxis\u201c<\/a>.<\/p>\n<\/details>\n<\/div>\n<\/div><\/div>\n\n\n\n<div class=\"wp-block-group alignwide has-base-background-color has-background eplus-wrapper has-global-padding is-layout-constrained wp-container-core-group-is-layout-7cd14b77 wp-block-group-is-layout-constrained tw-block-animation tw-animation-scale-in\" style=\"margin-top:0;margin-bottom:0;padding-top:var(--wp--preset--spacing--60);padding-right:var(--wp--preset--spacing--60);padding-bottom:var(--wp--preset--spacing--60);padding-left:var(--wp--preset--spacing--60)\">\n<div class=\"wp-block-group alignwide eplus-wrapper is-layout-flow wp-block-group-is-layout-flow\">\n<div style=\"height:var(--wp--preset--spacing--50)\" aria-hidden=\"true\" class=\"wp-block-spacer eplus-wrapper\"><\/div>\n\n\n\n<blockquote class=\"is-style-tw-icon wp-block-quote eplus-wrapper is-layout-flow wp-block-quote-is-layout-flow\">\n<p class=\"has-text-align-center has-heading-font-family has-large-font-size eplus-wrapper\" style=\"font-style:normal;font-weight:400;line-height:1.2\"><em>An ounce of practice is much better than tons of theories<\/em><\/p>\n\n\n\n<p class=\"has-text-align-center has-medium-font-size eplus-wrapper\">Paramahansa Atmananda<\/p>\n<\/blockquote>\n\n\n\n<div style=\"height:var(--wp--preset--spacing--50)\" aria-hidden=\"true\" class=\"wp-block-spacer eplus-wrapper\"><\/div>\n<\/div>\n<\/div>","protected":false},"excerpt":{"rendered":"<p>Background Information Yoga means, Unity. By perfect concentration of the mind (means absence of any thought), this unity is created by the merging of the individual consciousness with the Highest Awareness. Kriya The name Kriya Yoga comes from the Sanskrit verbs&nbsp;Kri&nbsp;and&nbsp;Ya.&nbsp;Kri means All activities, all actions. Ya means, the source of all activities. Thus, Kriya [&hellip;]<\/p>\n","protected":false},"author":1,"featured_media":0,"parent":0,"menu_order":0,"comment_status":"closed","ping_status":"closed","template":"","meta":{"editor_plus_copied_stylings":"{}","footnotes":""},"class_list":["post-23","page","type-page","status-publish","hentry"],"_links":{"self":[{"href":"https:\/\/kriyayoganederland.nl\/de\/wp-json\/wp\/v2\/pages\/23","targetHints":{"allow":["GET"]}}],"collection":[{"href":"https:\/\/kriyayoganederland.nl\/de\/wp-json\/wp\/v2\/pages"}],"about":[{"href":"https:\/\/kriyayoganederland.nl\/de\/wp-json\/wp\/v2\/types\/page"}],"author":[{"embeddable":true,"href":"https:\/\/kriyayoganederland.nl\/de\/wp-json\/wp\/v2\/users\/1"}],"replies":[{"embeddable":true,"href":"https:\/\/kriyayoganederland.nl\/de\/wp-json\/wp\/v2\/comments?post=23"}],"version-history":[{"count":0,"href":"https:\/\/kriyayoganederland.nl\/de\/wp-json\/wp\/v2\/pages\/23\/revisions"}],"wp:attachment":[{"href":"https:\/\/kriyayoganederland.nl\/de\/wp-json\/wp\/v2\/media?parent=23"}],"curies":[{"name":"wp","href":"https:\/\/api.w.org\/{rel}","templated":true}]}}