{"id":16,"date":"2024-08-29T08:51:16","date_gmt":"2024-08-29T06:51:16","guid":{"rendered":"https:\/\/kriyayoganederland.nl\/?page_id=16"},"modified":"2025-11-05T08:57:28","modified_gmt":"2025-11-05T07:57:28","slug":"about-kriya-yoga","status":"publish","type":"page","link":"https:\/\/kriyayoganederland.nl\/de\/about-kriya-yoga\/","title":{"rendered":"\u00dcber Kriya Yoga"},"content":{"rendered":"<div class=\"wp-block-group alignwide has-background eplus-wrapper has-global-padding is-layout-constrained wp-container-core-group-is-layout-d89aad35 wp-block-group-is-layout-constrained\" style=\"border-radius:17px;background-color:#c1a7e2;margin-top:0;margin-bottom:0;padding-top:var(--wp--preset--spacing--50);padding-right:var(--wp--preset--spacing--50);padding-bottom:var(--wp--preset--spacing--50);padding-left:var(--wp--preset--spacing--50)\"><div class=\"wp-block-columns alignwide eplus-wrapper is-layout-flex wp-container-core-columns-is-layout-e2c3cc00 wp-block-columns-is-layout-flex eplus-styles-uid-923f00\">\n<div class=\"wp-block-column is-vertically-aligned-center eplus-wrapper is-layout-flow wp-block-column-is-layout-flow\" style=\"--col-width:50%;flex-basis:50%\">\n<h2 class=\"wp-block-heading has-large-font-size eplus-wrapper\">\u00dcber Kriya Yoga<\/h2>\n\n\n\n<p class=\"has-medium-font-size eplus-wrapper\">Wir freuen uns \u00fcber Ihr Interesse an Kriya Yoga und laden Sie ein, sich einen ersten Eindruck zu verschaffen<\/p>\n<\/div>\n\n\n\n<div class=\"wp-block-column is-vertically-aligned-center eplus-wrapper is-layout-flow wp-block-column-is-layout-flow\" style=\"--col-width:50%;flex-basis:50%\">\n<figure style=\"--tw-animation-delay:0.1s;\" class=\"wp-block-image size-full has-custom-border eplus-wrapper tw-block-animation tw-animation-fade-in-up\"><img loading=\"lazy\" decoding=\"async\" width=\"2560\" height=\"1707\" src=\"http:\/\/kriyayoganederland.nl\/wp-content\/uploads\/2024\/08\/about-scaled.jpg\" alt=\"about\" class=\"wp-image-453\" style=\"border-radius:17px;box-shadow:var(--wp--preset--shadow--natural);aspect-ratio:4\/3;object-fit:cover\"  srcset=\"https:\/\/kriyayoganederland.nl\/wp-content\/uploads\/2024\/08\/about-scaled.jpg 2560w, https:\/\/kriyayoganederland.nl\/wp-content\/uploads\/2024\/08\/about-scaled-18x12.jpg 18w, https:\/\/kriyayoganederland.nl\/wp-content\/uploads\/2024\/08\/about-scaled-1024x683.jpg 1024w\" sizes=\"auto, (max-width: 2560px) 100vw, 2560px\" \/><\/figure>\n<\/div>\n<\/div><\/div>\n\n\n\n<div class=\"wp-block-group alignwide has-base-background-color has-background eplus-wrapper has-global-padding is-layout-constrained wp-container-core-group-is-layout-d89aad35 wp-block-group-is-layout-constrained\" style=\"margin-top:0;margin-bottom:0;padding-top:var(--wp--preset--spacing--50);padding-right:var(--wp--preset--spacing--50);padding-bottom:var(--wp--preset--spacing--50);padding-left:var(--wp--preset--spacing--50)\"><div class=\"wp-block-columns alignwide eplus-wrapper is-layout-flex wp-container-core-columns-is-layout-7456c446 wp-block-columns-is-layout-flex eplus-styles-uid-0bc4e7\">\n<div class=\"wp-block-column eplus-wrapper has-global-padding is-content-justification-left is-layout-constrained wp-container-core-column-is-layout-4f15e8fe wp-block-column-is-layout-constrained\" style=\"--col-width:40%;flex-basis:40%\">\n<p class=\"has-accent-3-color has-text-color has-link-color has-heading-font-family has-large-font-size eplus-wrapper wp-elements-479d5967f6b80d18c32efee6e6ae6654\">Kriya Yoga<\/p>\n<\/div>\n\n\n\n<div class=\"wp-block-column eplus-wrapper is-layout-flow wp-container-core-column-is-layout-119bc444 wp-block-column-is-layout-flow\" style=\"--col-width:60%;flex-basis:60%\">\n<p class=\"eplus-wrapper\">Kriya Yoga ist eine sehr wirksame Kombination von K\u00f6rper\u00fcbungen, Atem- und Meditationstechniken, die gleichzeitig K\u00f6rper, Geist, Intellekt und Seele zugute kommen. <\/p>\n\n\n<div class=\"wp-block-columns eplus-wrapper is-layout-flex wp-container-core-columns-is-layout-adf2eb3b wp-block-columns-is-layout-flex eplus-styles-uid-417de5\">\n<div class=\"wp-block-column eplus-wrapper is-layout-flow wp-block-column-is-layout-flow\">\n<p class=\"eplus-wrapper wp-container-content-9cfa9a5a\">Es ist eine praktische und ausgewogene Kombination aus Hatha Yoga, Karma Yoga, Raja Yoga und Bhakti Yoga, die zu Jnana Yoga und der Verwirklichung Gottes \/ des h\u00f6chsten Geistes f\u00fchrt. <\/p>\n\n\n\n<p class=\"eplus-wrapper\">Es b\u00fcndelt und fasst die Essenz dieser Yogaformen in einem zusammen. Kriya Yoga ist die Kunst und Wissenschaft des Selbstbewusstseins und der Verwirklichung Gottes \/ des h\u00f6chsten Geistes, wie sie der Welt von Mahavatar Babaji und Lahiri Mahashaya offenbart wurde.<\/p>\n\n\n\n<p class=\"eplus-wrapper\">Universell und v\u00f6llig religionsunabh\u00e4ngig b\u00fcndelt Kriya Yoga den gemeinsamen Kern von Spiritualit\u00e4t und Religion zu einem tieferen Verst\u00e4ndnis der wahren Bedeutung des Wortes \"Yoga\": die Einheit der individuellen Seele mit allen Seelen, <\/p>\n<\/div>\n\n\n\n<div class=\"wp-block-column eplus-wrapper is-layout-flow wp-block-column-is-layout-flow\">\n<p class=\"eplus-wrapper\">mit der allumfassenden Seele, dem Sch\u00f6pfer, der Sch\u00f6pfung, dem Selbst, Gott \/ dem h\u00f6chsten Geist. Die Einheit unseres biologischen Selbst und unseres spirituellen Selbst. <\/p>\n\n\n\n<p class=\"eplus-wrapper\">Diese Kriya Yoga Lehre ist in der reinen und urspr\u00fcnglichen Linie der Kriya Yoga Sat Gurus Mahavatar Babaji, Lahiri Mahashaya, Sri Yukteswar, Paramahansa Yogananda, Swami Narayan Giri, Swami Satyananda Giri, Mahaswami Paramahansa Atmananda.<\/p>\n<\/div>\n<\/div><\/div>\n<\/div><\/div>\n\n\n\n<div class=\"wp-block-group alignwide has-background eplus-wrapper has-global-padding is-layout-constrained wp-container-core-group-is-layout-d89aad35 wp-block-group-is-layout-constrained\" style=\"border-radius:17px;background-color:#c1a7e2;margin-top:0;margin-bottom:0;padding-top:var(--wp--preset--spacing--50);padding-right:var(--wp--preset--spacing--50);padding-bottom:var(--wp--preset--spacing--50);padding-left:var(--wp--preset--spacing--50)\"><div class=\"wp-block-columns alignwide eplus-wrapper is-layout-flex wp-container-core-columns-is-layout-eed4adda wp-block-columns-is-layout-flex eplus-styles-uid-ede2c3\">\n<div class=\"wp-block-column is-vertically-aligned-center eplus-wrapper is-layout-flow wp-block-column-is-layout-flow\" style=\"--col-width:60%;flex-basis:60%\">\n<figure class=\"is-style-rounded wp-block-image aligncenter size-full is-resized has-custom-border eplus-wrapper wp-duotone-unset-3 is-style-rounded--2 tw-block-animation tw-animation-fade-in-up\"><img loading=\"lazy\" decoding=\"async\" width=\"1024\" height=\"682\" src=\"http:\/\/kriyayoganederland.nl\/wp-content\/uploads\/2024\/08\/Gurudev-1024x682-1.webp\" alt=\"\" class=\"has-border-color wp-image-104\" style=\"border-color:#b5bdbc;box-shadow:var(--wp--preset--shadow--natural);width:540px;height:auto\"  srcset=\"https:\/\/kriyayoganederland.nl\/wp-content\/uploads\/2024\/08\/Gurudev-1024x682-1.webp 1024w, https:\/\/kriyayoganederland.nl\/wp-content\/uploads\/2024\/08\/Gurudev-1024x682-1-18x12.webp 18w\" sizes=\"auto, (max-width: 1024px) 100vw, 1024px\" \/><\/figure>\n<\/div>\n\n\n\n<div class=\"wp-block-column eplus-wrapper is-layout-flow wp-block-column-is-layout-flow\" style=\"--col-width:40%;flex-basis:40%\">\n<h2 class=\"wp-block-heading has-contrast-color has-text-color has-link-color has-large-font-size eplus-wrapper wp-elements-0a1373b44e63436661638dd2a78b9f80\">Paramahansa Atmananda<\/h2>\n\n\n\n<p class=\"eplus-wrapper\">Der indische Yogi Mahaswami Paramahansa Atmananda, der in seiner beruflichen Laufbahn ein prominenter Neurologe war, lehrt weltweit den urspr\u00fcnglichen Klassiker Kriya Yoga an aufrichtig interessierte Menschen und ist der Guru (spiritueller Lehrer) von Kriya Yoga Nederland. <\/p>\n\n\n\n<p class=\"eplus-wrapper\">Kriya Yoga f\u00fchrt zu innerem Frieden, besserer Wahrnehmung und besserer k\u00f6rperlicher Verfassung. Das Ziel von Kriya Yoga ist ein stressfreies, ausgeglichenes Leben und die Selbstverwirklichung. <\/p>\n\n\n\n<p class=\"eplus-wrapper\">Mehr Informationen \u00fcber den Hintergrund und die Bedeutung dieser spirituellen Tradition finden Sie unter \u201cKriya Yoga Hintergrundinformationen\u201d.\u00a0<a href=\"https:\/\/kriyayoganederland.nl\/de\/background-information\/\">&#8220;Kriya Yoga Background Information<\/a><a href=\"https:\/\/kynederland.kinsta.cloud\/kriya-yoga-background-info\/\" target=\"_blank\" rel=\"noreferrer noopener nofollow\">\u201d<\/a>.<\/p>\n\n\n\n<div class=\"wp-block-buttons eplus-wrapper is-layout-flex wp-block-buttons-is-layout-flex\"><div class=\"is-style-fill  ep-custom-buttons-icon wp-block-button eplus-wrapper eplus-styles-uid-aed437\"><a class=\"wp-block-button__link wp-element-button\" href=\"https:\/\/kriyayoganederland.nl\/de\/background-information\/\">Mehr lesen<\/a><\/div><\/div>\n<\/div>\n<\/div><\/div>\n\n\n\n<div class=\"wp-block-group alignwide has-base-background-color has-background eplus-wrapper has-global-padding is-layout-constrained wp-container-core-group-is-layout-7cd14b77 wp-block-group-is-layout-constrained tw-block-animation tw-animation-scale-in\" style=\"margin-top:0;margin-bottom:0;padding-top:var(--wp--preset--spacing--60);padding-right:var(--wp--preset--spacing--60);padding-bottom:var(--wp--preset--spacing--60);padding-left:var(--wp--preset--spacing--60)\">\n<div class=\"wp-block-group alignwide eplus-wrapper is-layout-flow wp-block-group-is-layout-flow\">\n<div style=\"height:var(--wp--preset--spacing--50)\" aria-hidden=\"true\" class=\"wp-block-spacer eplus-wrapper\"><\/div>\n\n\n\n<blockquote class=\"is-style-tw-icon wp-block-quote eplus-wrapper is-layout-flow wp-block-quote-is-layout-flow\">\n<p class=\"has-text-align-center has-heading-font-family has-large-font-size eplus-wrapper\" style=\"font-style:normal;font-weight:400;line-height:1.2\">&#8220;<em>You have a right to perform your prescribed duties, but you are not entitled to the fruits of your actions. Never consider yourself to be the cause of the results of your activities, nor be attached to inaction.<\/em><\/p>\n\n\n\n<p class=\"has-text-align-center has-medium-font-size eplus-wrapper\">The Bhagavad Gita Chapter 3 Verse30<\/p>\n<\/blockquote>\n\n\n\n<div style=\"height:var(--wp--preset--spacing--50)\" aria-hidden=\"true\" class=\"wp-block-spacer eplus-wrapper\"><\/div>\n<\/div>\n<\/div>","protected":false},"excerpt":{"rendered":"<p>About Kriya Yoga We are pleased with your interest in Kriya Yoga and invite you to get a first impression. Kriya Yoga Kriya Yoga is a very effective combination of physical exercises, breathing and meditation techniques, giving simultaneous benefit to body, mind, intellect and Soul. It is a practical and balanced combination of Hatha Yoga, [&hellip;]<\/p>\n","protected":false},"author":1,"featured_media":0,"parent":0,"menu_order":0,"comment_status":"closed","ping_status":"closed","template":"","meta":{"editor_plus_copied_stylings":"{}","footnotes":""},"class_list":["post-16","page","type-page","status-publish","hentry"],"_links":{"self":[{"href":"https:\/\/kriyayoganederland.nl\/de\/wp-json\/wp\/v2\/pages\/16","targetHints":{"allow":["GET"]}}],"collection":[{"href":"https:\/\/kriyayoganederland.nl\/de\/wp-json\/wp\/v2\/pages"}],"about":[{"href":"https:\/\/kriyayoganederland.nl\/de\/wp-json\/wp\/v2\/types\/page"}],"author":[{"embeddable":true,"href":"https:\/\/kriyayoganederland.nl\/de\/wp-json\/wp\/v2\/users\/1"}],"replies":[{"embeddable":true,"href":"https:\/\/kriyayoganederland.nl\/de\/wp-json\/wp\/v2\/comments?post=16"}],"version-history":[{"count":0,"href":"https:\/\/kriyayoganederland.nl\/de\/wp-json\/wp\/v2\/pages\/16\/revisions"}],"wp:attachment":[{"href":"https:\/\/kriyayoganederland.nl\/de\/wp-json\/wp\/v2\/media?parent=16"}],"curies":[{"name":"wp","href":"https:\/\/api.w.org\/{rel}","templated":true}]}}